{"id":2208,"date":"2025-11-13T15:10:54","date_gmt":"2025-11-13T14:10:54","guid":{"rendered":"https:\/\/trans-com.fr\/?post_type=product&#038;p=2208"},"modified":"2025-11-13T15:14:15","modified_gmt":"2025-11-13T14:14:15","slug":"regle-pedagogique-copie-2","status":"publish","type":"product","link":"https:\/\/trans-com.fr\/en\/produit\/regle-pedagogique-copie-2\/","title":{"rendered":"R\u00e8gle p\u00e9dagogique (Copie)"},"content":{"rendered":"<p>R\u00e8gle brevet\u00e9e en PVC glac\u00e9 100% recyclable avec bords arrondis (non blessants) qui a fait ses preuves, largement utilis\u00e9e et conserv\u00e9e par les \u00e9l\u00e8ves. Nombreuses th\u00e9matiques : S\u00e9curit\u00e9 de l\u2019enfant \u00e0 pied \u2013 S\u00e9curit\u00e9 de l\u2019enfant \u00e0 v\u00e9lo \u2013 S\u00e9curit\u00e9 de l\u2019enfant en car &#8211; Promotion du syst\u00e8me p\u00e9dibus \u2013 Respect de l\u2019environnement \u2013 Panneaux et num\u00e9ros d\u2019urgence \u2013 Harc\u00e8lement scolaire \u2013 Cr\u00e9ations sur mesure (dessins et th\u00e9matiques).<\/p>\n","protected":false},"excerpt":{"rendered":"<p>Adressez directement les \u00e9l\u00e8ves au travers d\u2019un objet utile au quotidien<\/p>\n","protected":false},"featured_media":2255,"template":"","meta":{"_acf_changed":false,"content-type":""},"product_brand":[],"product_cat":[32,33,35,36],"product_tag":[],"class_list":{"0":"post-2208","1":"product","2":"type-product","3":"status-publish","4":"has-post-thumbnail","6":"product_cat-securite-routiere-de-lenfant","7":"product_cat-prevention-a-velo","8":"product_cat-harcelement-scolaire","9":"product_cat-protection-de-nos-aines","11":"first","12":"instock","13":"taxable","14":"shipping-taxable","15":"purchasable","16":"product-type-variable","17":"has-default-attributes"},"acf":[],"_links":{"self":[{"href":"https:\/\/trans-com.fr\/en\/wp-json\/wp\/v2\/product\/2208","targetHints":{"allow":["GET"]}}],"collection":[{"href":"https:\/\/trans-com.fr\/en\/wp-json\/wp\/v2\/product"}],"about":[{"href":"https:\/\/trans-com.fr\/en\/wp-json\/wp\/v2\/types\/product"}],"wp:featuredmedia":[{"embeddable":true,"href":"https:\/\/trans-com.fr\/en\/wp-json\/wp\/v2\/media\/2255"}],"wp:attachment":[{"href":"https:\/\/trans-com.fr\/en\/wp-json\/wp\/v2\/media?parent=2208"}],"wp:term":[{"taxonomy":"product_brand","embeddable":true,"href":"https:\/\/trans-com.fr\/en\/wp-json\/wp\/v2\/product_brand?post=2208"},{"taxonomy":"product_cat","embeddable":true,"href":"https:\/\/trans-com.fr\/en\/wp-json\/wp\/v2\/product_cat?post=2208"},{"taxonomy":"product_tag","embeddable":true,"href":"https:\/\/trans-com.fr\/en\/wp-json\/wp\/v2\/product_tag?post=2208"}],"curies":[{"name":"wp","href":"https:\/\/api.w.org\/{rel}","templated":true}]}}